{"id":22,"date":"2022-05-24T20:29:41","date_gmt":"2022-05-24T18:29:41","guid":{"rendered":"http:\/\/www.torun.kik.opoka.org.pl\/blog\/?page_id=22"},"modified":"2026-04-23T11:05:06","modified_gmt":"2026-04-23T09:05:06","slug":"zarzad","status":"publish","type":"page","link":"https:\/\/www.torun.kik.opoka.org.pl\/?page_id=22","title":{"rendered":"Zarz\u0105d"},"content":{"rendered":"\n<main id=\"zarzad-main\">\n\n               \n\n\n\n                <div id=\"flex\">\n\n            <div class=\"person-card-holder\">\n                <div class=\"image-contener\">\n                    <img decoding=\"async\" src=\"http:\/\/www.torun.kik.opoka.org.pl\/\/wp-content\/uploads\/2022\/07\/DSC02089.jpg\" class=\"profile-img\" alt=\"zdj\u0119cie dr hab. Micha\u0142a Bia\u0142kowskiego\">\n                <\/div>\n                <h2>dr hab. Micha\u0142 Bia\u0142kowski,<br> prof. UMK<\/h2>\n                <p class=\"zarzad-p-holder\">Prezes<\/p>\n            <\/div>\n\n            \n\n            <div class=\"person-card-holder\">\n                <div class=\"image-contener\">\n                    <img decoding=\"async\" src=\"http:\/\/www.torun.kik.opoka.org.pl\/wp-content\/uploads\/2026\/04\/Szczurko-Elzbieta.jpg\" class=\"profile-img\" alt=\"zdj\u0119cie Elzbiety Szczurko\">\n                <\/div>\n                <h2> dr hab. El\u017cbieta Szczurko,<br> prof. AM<\/h2>\n                <p class=\"zarzad-p-holder\">Wiceprezes<\/p>\n            <\/div>\n\n            <div class=\"person-card-holder\">\n                <div class=\"image-contener\">\n                    <img decoding=\"async\" src=\"http:\/\/www.torun.kik.opoka.org.pl\/\/wp-content\/uploads\/2022\/05\/Kamila_Maj.jpg\" class=\"profile-img\" alt=\"zdj\u0119cie Kamili Maj\">\n                <\/div>\n                <h2>Kamila Maj<\/h2> <br><br><br>\n\n                <p class=\"zarzad-p-holder\">Skarbnik<\/p>\n            <\/div>\n            \n            \n\n        <div class=\"person-card-holder\">\n                <div class=\"image-contener\">\n                    <img decoding=\"async\" src=\"http:\/\/www.torun.kik.opoka.org.pl\/wp-content\/uploads\/2022\/07\/monika_dejneko_bialkowska.jpg\" class=\"profile-img\" alt=\"zdj\u0119cie Moniki Dejneko_Bialkowskiej\">\n                <\/div>\n                <h2>Monika Dejneko-Bia\u0142kowska<\/h2> <br>\n                <p class=\"zarzad-p-holder\">Sekretarz<\/p>\n            <\/div>\n\n            <div class=\"person-card-holder\">\n                <div class=\"image-contener\">\n                    <img decoding=\"async\" src=\"http:\/\/www.torun.kik.opoka.org.pl\/\/wp-content\/uploads\/2022\/07\/monika_dejneko_bialkowska.jpg\" class=\"profile-img\" alt=\"zdj\u0119cie Moniki Dejneko Bia\u0142kowskiej\">\n                <\/div>\n                <h2>Monika Dejneko-Bia\u0142kowska<\/h2>\n                <p class=\"zarzad-p-holder\">Pe\u0142nomocnik zarz\u0105du<\/p>\n            <\/div>\n <div class=\"person-card-holder\">\n                <div class=\"image-contener\">\n                    <img decoding=\"async\" src=\"http:\/\/www.torun.kik.opoka.org.pl\/\/wp-content\/uploads\/2022\/05\/Cecylia_Iwaniszewska1.jpg\" class=\"profile-img\" alt=\"zdj\u0119cie Cecylii Iwaniszewskiej\">\n                <\/div>\n                <h2>\u015bp. dr Cecylia Iwaniszewska<\/h2>\n                <p class=\"zarzad-p-holder\">Honorowy Prezes<\/p>\n            <\/div>\n\n        <\/div>\n\n\n            <\/main>\n\n\n\n<p><\/p>\n","protected":false},"excerpt":{"rendered":"<p>dr hab. Micha\u0142 Bia\u0142kowski, prof. UMK Prezes dr hab. El\u017cbieta Szczurko, prof. AM Wiceprezes Kamila Maj Skarbnik Monika Dejneko-Bia\u0142kowska Sekretarz Monika Dejneko-Bia\u0142kowska Pe\u0142nomocnik zarz\u0105du \u015bp. dr Cecylia Iwaniszewska Honorowy Prezes<\/p>\n","protected":false},"author":1,"featured_media":1029,"parent":0,"menu_order":0,"comment_status":"closed","ping_status":"closed","template":"","meta":{"_acf_changed":false,"footnotes":""},"class_list":["post-22","page","type-page","status-publish","has-post-thumbnail","hentry"],"acf":[],"_links":{"self":[{"href":"https:\/\/www.torun.kik.opoka.org.pl\/index.php?rest_route=\/wp\/v2\/pages\/22","targetHints":{"allow":["GET"]}}],"collection":[{"href":"https:\/\/www.torun.kik.opoka.org.pl\/index.php?rest_route=\/wp\/v2\/pages"}],"about":[{"href":"https:\/\/www.torun.kik.opoka.org.pl\/index.php?rest_route=\/wp\/v2\/types\/page"}],"author":[{"embeddable":true,"href":"https:\/\/www.torun.kik.opoka.org.pl\/index.php?rest_route=\/wp\/v2\/users\/1"}],"replies":[{"embeddable":true,"href":"https:\/\/www.torun.kik.opoka.org.pl\/index.php?rest_route=%2Fwp%2Fv2%2Fcomments&post=22"}],"version-history":[{"count":31,"href":"https:\/\/www.torun.kik.opoka.org.pl\/index.php?rest_route=\/wp\/v2\/pages\/22\/revisions"}],"predecessor-version":[{"id":1599,"href":"https:\/\/www.torun.kik.opoka.org.pl\/index.php?rest_route=\/wp\/v2\/pages\/22\/revisions\/1599"}],"wp:featuredmedia":[{"embeddable":true,"href":"https:\/\/www.torun.kik.opoka.org.pl\/index.php?rest_route=\/wp\/v2\/media\/1029"}],"wp:attachment":[{"href":"https:\/\/www.torun.kik.opoka.org.pl\/index.php?rest_route=%2Fwp%2Fv2%2Fmedia&parent=22"}],"curies":[{"name":"wp","href":"https:\/\/api.w.org\/{rel}","templated":true}]}}