{"id":48,"date":"2022-05-24T20:42:32","date_gmt":"2022-05-24T18:42:32","guid":{"rendered":"http:\/\/www.torun.kik.opoka.org.pl\/blog\/?page_id=48"},"modified":"2026-04-23T11:24:08","modified_gmt":"2026-04-23T09:24:08","slug":"projekt-zambia","status":"publish","type":"page","link":"https:\/\/www.torun.kik.opoka.org.pl\/?page_id=48","title":{"rendered":"Projekt Zambia"},"content":{"rendered":"\n<main id=\"zambia-main\">\n\n              \n                <section id=\"holder-left\">\n\n                    <div id=\"title-text\">\n                        <p id=\"title-zambia\">Do\u0142\u0105cz do jezuickiego wolontariatu misyjnego<\/p>\n                        <a target=\"_blank\" rel=\"noreferrer noopener\" href=\"https:\/\/www.facebook.com\/projekt.zambia.torun\/\" id=\"link-zambia\">Poznaj szczeg\u00f3\u0142y<\/a>\n                    <\/div>\n\n                   \n                        <p id=\"text-main-zambia\"> \n                            Rok temu dzi\u0119ki dobroci wielu z Was na jezuick\u0105 misj\u0119 w Zambii pojechali\n                            wolontariusze, pos\u0142ano kilkaset opakowa\u0144 kaszek i od\u017cywek oraz materia\u0142y \n                            opatrunkowe. Misja w Zambii to nie tylko jednorazowa akcja, jednorazowy wyjazd. \n                            Skuteczna pomoc rozwojowa, szczeg\u00f3lnie w obecnych warunkach, jest procesem \n                            nieustannej troski i poszukiwania wsparcia. Czekamy na Twoje pomys\u0142y.\n                        <\/p>\n\n                        <p id=\"dane-kontaktowe\">\n                            <span id=\"centrum-title\">Jezuickie Centrum Spo\u0142eczne<\/span>\n\n                            <\/p><section class=\"centrum-details\">\n                                <span>Nr konta<\/span> : 30 2030 0045 1110 0000 0289 7440\n                            <\/section>\n\n                            <section class=\"centrum-details\">\n                                <span>Tytu\u0142 przelewu<\/span> : PROJEKT ZAMBIA\n                            <\/section>\n\n                            <section class=\"centrum-details\">\n                                <span>Adres<\/span> : ul. Rakowiecka 61 02-532 Warszawa Polska\n                            <\/section>\n\n                            <section class=\"centrum-details\">\n                                <span>Kontakt<\/span> : kikwtoruniu@gmail.com\n                            <\/section>\n\n                <\/section>\n\n                <section id=\"holder-right\">\n                    <img decoding=\"async\" src=\"http:\/\/www.torun.kik.opoka.org.pl\/\/wp-content\/uploads\/2022\/05\/zambia1-scaled.jpg\" alt=\"wioska\">\n                    <img decoding=\"async\" src=\"http:\/\/www.torun.kik.opoka.org.pl\/\/wp-content\/uploads\/2022\/05\/zambia2.jpg\" alt=\"ko\u015bci\u00f3\u0142\">\n                <\/section>\n\n            <\/main>\n","protected":false},"excerpt":{"rendered":"<p>Do\u0142\u0105cz do jezuickiego wolontariatu misyjnego Poznaj szczeg\u00f3\u0142y Rok temu dzi\u0119ki dobroci wielu z Was na jezuick\u0105 misj\u0119 w Zambii pojechali wolontariusze, pos\u0142ano kilkaset opakowa\u0144 kaszek i od\u017cywek oraz materia\u0142y opatrunkowe. Misja w Zambii to nie tylko jednorazowa akcja, jednorazowy wyjazd. Skuteczna pomoc rozwojowa, szczeg\u00f3lnie w obecnych warunkach, jest procesem nieustannej troski i poszukiwania wsparcia. Czekamy [&hellip;]<\/p>\n","protected":false},"author":1,"featured_media":1029,"parent":0,"menu_order":0,"comment_status":"closed","ping_status":"closed","template":"","meta":{"_acf_changed":false,"footnotes":""},"class_list":["post-48","page","type-page","status-publish","has-post-thumbnail","hentry"],"acf":[],"_links":{"self":[{"href":"https:\/\/www.torun.kik.opoka.org.pl\/index.php?rest_route=\/wp\/v2\/pages\/48","targetHints":{"allow":["GET"]}}],"collection":[{"href":"https:\/\/www.torun.kik.opoka.org.pl\/index.php?rest_route=\/wp\/v2\/pages"}],"about":[{"href":"https:\/\/www.torun.kik.opoka.org.pl\/index.php?rest_route=\/wp\/v2\/types\/page"}],"author":[{"embeddable":true,"href":"https:\/\/www.torun.kik.opoka.org.pl\/index.php?rest_route=\/wp\/v2\/users\/1"}],"replies":[{"embeddable":true,"href":"https:\/\/www.torun.kik.opoka.org.pl\/index.php?rest_route=%2Fwp%2Fv2%2Fcomments&post=48"}],"version-history":[{"count":5,"href":"https:\/\/www.torun.kik.opoka.org.pl\/index.php?rest_route=\/wp\/v2\/pages\/48\/revisions"}],"predecessor-version":[{"id":1602,"href":"https:\/\/www.torun.kik.opoka.org.pl\/index.php?rest_route=\/wp\/v2\/pages\/48\/revisions\/1602"}],"wp:featuredmedia":[{"embeddable":true,"href":"https:\/\/www.torun.kik.opoka.org.pl\/index.php?rest_route=\/wp\/v2\/media\/1029"}],"wp:attachment":[{"href":"https:\/\/www.torun.kik.opoka.org.pl\/index.php?rest_route=%2Fwp%2Fv2%2Fmedia&parent=48"}],"curies":[{"name":"wp","href":"https:\/\/api.w.org\/{rel}","templated":true}]}}