{"id":58,"date":"2022-05-24T21:22:45","date_gmt":"2022-05-24T19:22:45","guid":{"rendered":"http:\/\/www.torun.kik.opoka.org.pl\/blog\/?page_id=58"},"modified":"2022-05-24T21:22:45","modified_gmt":"2022-05-24T19:22:45","slug":"o-klubie","status":"publish","type":"page","link":"https:\/\/www.torun.kik.opoka.org.pl\/?page_id=58","title":{"rendered":"O klubie"},"content":{"rendered":"\n<p class=\"has-text-align-center\">Jeste\u015bmy stowarzyszeniem katolickim dzia\u0142aj\u0105cym od 1957 r. Skupiamy osoby, kt\u00f3re pragn\u0105 pog\u0142\u0119bia\u0107 swoj\u0105 formacj\u0119 duchow\u0105 i intelektualn\u0105 w oparciu o nauczanie spo\u0142eczne Ko\u015bcio\u0142a katolickiego. Szczeg\u00f3lne znaczenie maj\u0105 dla nas idee Soboru Watyka\u0144skiego II: dialog, otwarto\u015b\u0107 i ekumenizm. Zapraszamy do aktywno\u015bci w Ko\u015bciele i we wsp\u00f3\u0142czesnym \u015bwiecie. Przyjd\u017a do nas, aby podj\u0105\u0107 refleksj\u0119 nad kondycj\u0105 chrze\u015bcija\u0144stwa i cz\u0142owieka, uczestniczy\u0107 w jezuickim wolontariacie misyjnym, s\u0142u\u017cy\u0107 bli\u017anim.<\/p>\n\n\n\n<p class=\"has-text-align-center\">Spr\u00f3buj razem z nami zej\u015b\u0107 z kanapy.<\/p>\n","protected":false},"excerpt":{"rendered":"<p>Jeste\u015bmy stowarzyszeniem katolickim dzia\u0142aj\u0105cym od 1957 r. Skupiamy osoby, kt\u00f3re pragn\u0105 pog\u0142\u0119bia\u0107 swoj\u0105 formacj\u0119 duchow\u0105 i intelektualn\u0105 w oparciu o nauczanie spo\u0142eczne Ko\u015bcio\u0142a katolickiego. Szczeg\u00f3lne znaczenie maj\u0105 dla nas idee Soboru Watyka\u0144skiego II: dialog, otwarto\u015b\u0107 i ekumenizm. Zapraszamy do aktywno\u015bci w Ko\u015bciele i we wsp\u00f3\u0142czesnym \u015bwiecie. Przyjd\u017a do nas, aby podj\u0105\u0107 refleksj\u0119 nad kondycj\u0105 chrze\u015bcija\u0144stwa [&hellip;]<\/p>\n","protected":false},"author":1,"featured_media":1029,"parent":0,"menu_order":0,"comment_status":"closed","ping_status":"closed","template":"","meta":{"_acf_changed":false,"footnotes":""},"class_list":["post-58","page","type-page","status-publish","has-post-thumbnail","hentry"],"acf":[],"_links":{"self":[{"href":"https:\/\/www.torun.kik.opoka.org.pl\/index.php?rest_route=\/wp\/v2\/pages\/58","targetHints":{"allow":["GET"]}}],"collection":[{"href":"https:\/\/www.torun.kik.opoka.org.pl\/index.php?rest_route=\/wp\/v2\/pages"}],"about":[{"href":"https:\/\/www.torun.kik.opoka.org.pl\/index.php?rest_route=\/wp\/v2\/types\/page"}],"author":[{"embeddable":true,"href":"https:\/\/www.torun.kik.opoka.org.pl\/index.php?rest_route=\/wp\/v2\/users\/1"}],"replies":[{"embeddable":true,"href":"https:\/\/www.torun.kik.opoka.org.pl\/index.php?rest_route=%2Fwp%2Fv2%2Fcomments&post=58"}],"version-history":[{"count":2,"href":"https:\/\/www.torun.kik.opoka.org.pl\/index.php?rest_route=\/wp\/v2\/pages\/58\/revisions"}],"predecessor-version":[{"id":60,"href":"https:\/\/www.torun.kik.opoka.org.pl\/index.php?rest_route=\/wp\/v2\/pages\/58\/revisions\/60"}],"wp:featuredmedia":[{"embeddable":true,"href":"https:\/\/www.torun.kik.opoka.org.pl\/index.php?rest_route=\/wp\/v2\/media\/1029"}],"wp:attachment":[{"href":"https:\/\/www.torun.kik.opoka.org.pl\/index.php?rest_route=%2Fwp%2Fv2%2Fmedia&parent=58"}],"curies":[{"name":"wp","href":"https:\/\/api.w.org\/{rel}","templated":true}]}}