{"id":78,"date":"2022-05-29T12:45:28","date_gmt":"2022-05-29T10:45:28","guid":{"rendered":"http:\/\/www.torun.kik.opoka.org.pl\/blog\/?page_id=78"},"modified":"2026-04-23T11:17:50","modified_gmt":"2026-04-23T09:17:50","slug":"wesprzyj-nas","status":"publish","type":"page","link":"https:\/\/www.torun.kik.opoka.org.pl\/?page_id=78","title":{"rendered":"Wesprzyj nas"},"content":{"rendered":"\n<div id=\"fundHolder\">\n<p style=\"margin-top: 0px, text-align: center;\">Dzia\u0142ania Klubu Inteligencji Katolickiej w Toruniu wesprzesz do\u0142\u0105czaj\u0105c do Nas i podejmuj\u0105c<br>wsp\u00f3lnie dzia\u0142ania charytatywne, w sferze edukacji i kultury. Um\u00f3w si\u0119: <a href=\"mailto: kikwtoruniu@gmail.com\">kikwtoruniu@gmail.com<\/a> lub <a href=\"mailto: torun@kik.opoka.org.pl\">torun@kik.opoka.org.pl<\/a><\/p>\n<p style=\"text-align: center, margin-top:120px;\">Zadania statutowe realizujemy dzi\u0119ki Waszemu finansowemu wsparciu. Dzi\u0119kujemy za ka\u017cd\u0105 darowizn\u0119 przekazan\u0105 na numer konta<\/p>\n<div id=\"fund-account\">Skopiuj mnie<br>10 1090 2590 0000 0001 4806 4303<\/div>\n<p style=\"margin-top: 15%;\">Dzia\u0142aniem charytatywnym szczeg\u00f3lnie bliskim naszemu sercu jest rozw\u00f3j misji jezuickiej w Kasisi w Zambii. Misjonarze dbaj\u0105 o edukacj\u0119: szkoln\u0105 dzieci i rolnicz\u0105 doros\u0142ych. Prowadz\u0105 farm\u0119 rolnicz\u0105 b\u0119d\u0105c\u0105 podstaw\u0105 wy\u017cywienia sieroci\u0144ca znajduj\u0105cego si\u0119 na terenie misji i utrzymania dla okolicznych mieszka\u0144c\u00f3w. Wspieramy dzia\u0142ania student\u00f3w wyje\u017cd\u017caj\u0105cych na do\u015bwiadczenie misyjne do Kasisi.<\/p>\n<p>&nbsp;<\/p>\n<\/div>\n","protected":false},"excerpt":{"rendered":"<p>Dzia\u0142ania Klubu Inteligencji Katolickiej w Toruniu wesprzesz do\u0142\u0105czaj\u0105c do Nas i podejmuj\u0105cwsp\u00f3lnie dzia\u0142ania charytatywne, w sferze edukacji i kultury. Um\u00f3w si\u0119: kikwtoruniu@gmail.com lub torun@kik.opoka.org.pl Zadania statutowe realizujemy dzi\u0119ki Waszemu finansowemu wsparciu. Dzi\u0119kujemy za ka\u017cd\u0105 darowizn\u0119 przekazan\u0105 na numer konta Skopiuj mnie10 1090 2590 0000 0001 4806 4303 Dzia\u0142aniem charytatywnym szczeg\u00f3lnie bliskim naszemu sercu jest rozw\u00f3j [&hellip;]<\/p>\n","protected":false},"author":1,"featured_media":1029,"parent":0,"menu_order":0,"comment_status":"closed","ping_status":"closed","template":"","meta":{"_acf_changed":false,"footnotes":""},"class_list":["post-78","page","type-page","status-publish","has-post-thumbnail","hentry"],"acf":[],"_links":{"self":[{"href":"https:\/\/www.torun.kik.opoka.org.pl\/index.php?rest_route=\/wp\/v2\/pages\/78","targetHints":{"allow":["GET"]}}],"collection":[{"href":"https:\/\/www.torun.kik.opoka.org.pl\/index.php?rest_route=\/wp\/v2\/pages"}],"about":[{"href":"https:\/\/www.torun.kik.opoka.org.pl\/index.php?rest_route=\/wp\/v2\/types\/page"}],"author":[{"embeddable":true,"href":"https:\/\/www.torun.kik.opoka.org.pl\/index.php?rest_route=\/wp\/v2\/users\/1"}],"replies":[{"embeddable":true,"href":"https:\/\/www.torun.kik.opoka.org.pl\/index.php?rest_route=%2Fwp%2Fv2%2Fcomments&post=78"}],"version-history":[{"count":5,"href":"https:\/\/www.torun.kik.opoka.org.pl\/index.php?rest_route=\/wp\/v2\/pages\/78\/revisions"}],"predecessor-version":[{"id":1601,"href":"https:\/\/www.torun.kik.opoka.org.pl\/index.php?rest_route=\/wp\/v2\/pages\/78\/revisions\/1601"}],"wp:featuredmedia":[{"embeddable":true,"href":"https:\/\/www.torun.kik.opoka.org.pl\/index.php?rest_route=\/wp\/v2\/media\/1029"}],"wp:attachment":[{"href":"https:\/\/www.torun.kik.opoka.org.pl\/index.php?rest_route=%2Fwp%2Fv2%2Fmedia&parent=78"}],"curies":[{"name":"wp","href":"https:\/\/api.w.org\/{rel}","templated":true}]}}